{"id":20,"date":"2020-02-24T11:12:43","date_gmt":"2020-02-24T11:12:43","guid":{"rendered":"https:\/\/www.hamek.as\/?page_id=20"},"modified":"2026-03-16T09:45:06","modified_gmt":"2026-03-16T08:45:06","slug":"ledige-stillinger","status":"publish","type":"page","link":"https:\/\/www.hamek.as\/en\/ledige-stillinger\/","title":{"rendered":"Vacancies"},"content":{"rendered":"<section class=\"section\" id=\"section_83393032\">\n\t\t<div class=\"section-bg fill\" >\n\t\t\t\t\t\t\t\t\t\n\t\t\t\n\n\t\t<\/div>\n\n\t\t\n\n\t\t<div class=\"section-content relative\">\n\t\t\t\n\t\t<\/div>\n\n\t\t\n<style>\n#section_83393032 {\n  padding-top: 30px;\n  padding-bottom: 30px;\n}\n<\/style>\n\t<\/section>\n\t\n<h1><span style=\"font-size: 150%;\">Jobs at Hamek<\/span><\/h1>\n<p>Harstad Mek. Verksted AS is a wholly owned subsidiary of Harstad Skipsindustri AS and is the region's largest service facility for the maritime industry.<br \/>We perform many and varied tasks, within several different subject areas.<\/p>\n<p>We want committed, competent and responsible employees and managers. We advertise several positions a year - <strong>maybe you are our next colleague?<\/strong><\/p>\n<p><strong>Our vacancies can be found here:<\/strong><\/p>\n<div class=\"wp-rss-template-container\" data-wpra-template=\"default\" data-template-ctx=\"eyJmZWVkcyI6ImxlZGlnZS1zdGlsbGluZ2VyIn0=\">\n    <div class=\"wp-rss-aggregator wpra-list-template\" data-page=\"1\">\n    \n    \n<ul class=\"wpra-item-list rss-aggregator wpra-item-list--bullets wpra-item-list--default\"\n    start=\"1\">\n                        <li class=\"wpra-item feed-item\">\n            \n            \n\n    <a  href=\"https:\/\/www.jobbnorge.no\/ledige-stillinger\/stilling\/297587\/prosjektleder\" target=\"_blank\" rel=\"nofollow\" class=\"\">Project Manager<\/a>\n\n\n\n\n\n\n<div class=\"wprss-feed-meta\">\n    \n            <span class=\"feed-date\">\n            Publisert 16-03-2026\n        <\/span>\n    \n    <\/div>\n\n\n\n\n\n            \n        <\/li>\n        <\/ul>\n\n        \n<\/div>\n\n<\/div>","protected":false},"excerpt":{"rendered":"<p>Jobb hos Hamek Harstad Mek. Verksted AS er et heleid datterselskap av Harstad Skipsindustri AS og er landsdelens st\u00f8rste serviceanlegg for maritim n\u00e6ring.Vi utf\u00f8rer mange og varierte oppgaver, innenfor flere ulike fagomr\u00e5der. Vi \u00f8nsker engasjerte, kompetente og ansvarsbevisste medarbeidere og ledere. Vi lyser ut flere stillinger i \u00e5ret &#8211; kanskje du er v\u00e5r neste kollega? [&#8230;]\n","protected":false},"author":1,"featured_media":0,"parent":0,"menu_order":0,"comment_status":"closed","ping_status":"closed","template":"","meta":{"footnotes":""},"class_list":["post-20","page","type-page","status-publish","hentry"],"_links":{"self":[{"href":"https:\/\/www.hamek.as\/en\/wp-json\/wp\/v2\/pages\/20","targetHints":{"allow":["GET"]}}],"collection":[{"href":"https:\/\/www.hamek.as\/en\/wp-json\/wp\/v2\/pages"}],"about":[{"href":"https:\/\/www.hamek.as\/en\/wp-json\/wp\/v2\/types\/page"}],"author":[{"embeddable":true,"href":"https:\/\/www.hamek.as\/en\/wp-json\/wp\/v2\/users\/1"}],"replies":[{"embeddable":true,"href":"https:\/\/www.hamek.as\/en\/wp-json\/wp\/v2\/comments?post=20"}],"version-history":[{"count":0,"href":"https:\/\/www.hamek.as\/en\/wp-json\/wp\/v2\/pages\/20\/revisions"}],"wp:attachment":[{"href":"https:\/\/www.hamek.as\/en\/wp-json\/wp\/v2\/media?parent=20"}],"curies":[{"name":"wp","href":"https:\/\/api.w.org\/{rel}","templated":true}]}}