{"id":615,"date":"2021-09-01T13:34:01","date_gmt":"2021-09-01T12:34:01","guid":{"rendered":"https:\/\/www.hamek.as\/?page_id=615"},"modified":"2024-01-04T10:44:42","modified_gmt":"2024-01-04T09:44:42","slug":"larebedrift","status":"publish","type":"page","link":"https:\/\/www.hamek.as\/en\/om-oss\/larebedrift\/","title":{"rendered":"Apprenticeship"},"content":{"rendered":"<section class=\"section\" id=\"section_1570501747\">\n\t\t<div class=\"section-bg fill\" >\n\t\t\t\t\t\t\t\t\t\n\t\t\t\n\n\t\t<\/div>\n\n\t\t\n\n\t\t<div class=\"section-content relative\">\n\t\t\t\n<div class=\"row\"  id=\"row-1643183882\">\n\n\t<div id=\"col-960793427\" class=\"col small-12 large-12\"  >\n\t\t\t\t<div class=\"col-inner\"  >\n\t\t\t\n\t\t\t\n<h1><span style=\"font-size: 170%;\">NHO approved apprenticeship company<\/span><\/h1>\n<div class=\"main-report-header\">\n<div class=\"row\">\n<div class=\"col-md-1\"><\/div>\n<\/div>\n<\/div>\n<div class=\"ng-star-inserted\">\n<p>Hamek contributes to educating future professional competence!<\/p>\n<p>We want to help our young people gain skills that are future-oriented and that can make them qualified for work in the industry.<\/p>\n<p>Vi er godkjent l\u00e6rebedrift for f\u00f8lgende 7 fagomr\u00e5der:<\/p>\n<ul>\n<li>Industrimekanikerfaget<\/li>\n<li>Industrir\u00f8rleggerfaget<\/li>\n<li>Platearbeiderfaget<\/li>\n<li>Sveisefaget<\/li>\n<li>Logistikkfaget<\/li>\n<li>Industriell overflatebehandlerfaget<\/li>\n<li>Industrimalerfaget<\/li>\n<\/ul>\n<p>You are welcome to apply for an apprenticeship with us!<\/p>\n<p><a href=\"https:\/\/www.visbrosjyre.no\/otekmidtogsortroms\/MailView\/\">See our interactive brochure<\/a><\/p>\n<p><a href=\"https:\/\/www.visbrosjyre.no\/otekmidtogsortroms\/MailView\/\"><img decoding=\"async\" class=\"alignnone size-full wp-image-620 lazyload\" data-src=\"https:\/\/www.hamek.as\/wp-content\/uploads\/2021\/09\/Otek.jpg\" alt=\"\" width=\"106\" height=\"150\" data-srcset=\"https:\/\/www.hamek.as\/wp-content\/uploads\/2021\/09\/Otek.jpg 106w, https:\/\/www.hamek.as\/wp-content\/uploads\/2021\/09\/Otek-8x12.jpg 8w\" data-sizes=\"(max-width: 106px) 100vw, 106px\" src=\"data:image\/svg+xml;base64,PHN2ZyB3aWR0aD0iMSIgaGVpZ2h0PSIxIiB4bWxucz0iaHR0cDovL3d3dy53My5vcmcvMjAwMC9zdmciPjwvc3ZnPg==\" style=\"--smush-placeholder-width: 106px; --smush-placeholder-aspect-ratio: 106\/150;\" \/><\/a><\/p>\n<p>Se filmen : <a href=\"https:\/\/www.youtube.com\/watch?v=R7YhuZWy27M\">Fagbrev &#8211; Din Gullbillett til arbeidslivet<\/a><\/p>\n<\/div>\n<div class=\"is-divider divider clearfix\" style=\"max-width:100%;\"><\/div>\n\t\t<\/div>\n\t\t\t\t\t<\/div>\n\n\t\n<\/div>\n\t\t<\/div>\n\n\t\t\n<style>\n#section_1570501747 {\n  padding-top: 30px;\n  padding-bottom: 30px;\n}\n<\/style>\n\t<\/section>","protected":false},"excerpt":{"rendered":"","protected":false},"author":1,"featured_media":0,"parent":14,"menu_order":0,"comment_status":"closed","ping_status":"closed","template":"","meta":{"footnotes":""},"class_list":["post-615","page","type-page","status-publish","hentry"],"_links":{"self":[{"href":"https:\/\/www.hamek.as\/en\/wp-json\/wp\/v2\/pages\/615","targetHints":{"allow":["GET"]}}],"collection":[{"href":"https:\/\/www.hamek.as\/en\/wp-json\/wp\/v2\/pages"}],"about":[{"href":"https:\/\/www.hamek.as\/en\/wp-json\/wp\/v2\/types\/page"}],"author":[{"embeddable":true,"href":"https:\/\/www.hamek.as\/en\/wp-json\/wp\/v2\/users\/1"}],"replies":[{"embeddable":true,"href":"https:\/\/www.hamek.as\/en\/wp-json\/wp\/v2\/comments?post=615"}],"version-history":[{"count":0,"href":"https:\/\/www.hamek.as\/en\/wp-json\/wp\/v2\/pages\/615\/revisions"}],"up":[{"embeddable":true,"href":"https:\/\/www.hamek.as\/en\/wp-json\/wp\/v2\/pages\/14"}],"wp:attachment":[{"href":"https:\/\/www.hamek.as\/en\/wp-json\/wp\/v2\/media?parent=615"}],"curies":[{"name":"wp","href":"https:\/\/api.w.org\/{rel}","templated":true}]}}