{"id":780,"date":"2023-05-09T13:12:12","date_gmt":"2023-05-09T12:12:12","guid":{"rendered":"https:\/\/www.hamek.as\/?page_id=780"},"modified":"2023-05-09T13:23:47","modified_gmt":"2023-05-09T12:23:47","slug":"kvalitetspolicy","status":"publish","type":"page","link":"https:\/\/www.hamek.as\/en\/om-oss\/kvalitetspolicy\/","title":{"rendered":"Quality Policy"},"content":{"rendered":"<h1><span style=\"font-size: 170%;\">Quality Policy<\/span><\/h1>\n<p>Harstad Mekaniske Verksted AS (Hamek) is a shipyard mainly engaged in repair and maintenance of ships. Our shipyard also carries out projects suitable our competence for land based industry as well as for the offshore industry<\/p>\n<p>Hamek commits to comply with ISO 9001: 2015 requirements and work continuously to comply our work with new or proposed changes in applicable laws, statutory, regulatory, other requirements of government agencies, ship classification and customers.<\/p>\n<p class=\"translation-block\">Hamek commits to follow our statement: We care! It means, we care for each other as well for our customers,sub-suppliers and the environment.<\/p>\n<p>Hamek will appear to be a visible and a serious business partner and employer, with focusing on deliveries of quality products and -services.<\/p>\n<p>Our employees are our most important resource. We treat each other with respect despite sex, ethnicity or religion. We are committed to work in a safe working environment.<\/p>\n<p>Everyone is committed to contributing to complete deliveries of functional products and services in accordance law, regulations, Rules, our quality procedures and belonging instructions, plan and budget.<\/p>\n<p>The quality management system is a living system that emphasizes continual improvement through:<\/p>\n<p>- Systematic customer focus in all processes and continuous updating of\nroutines to secure customer satisfaction.<\/p>\n<p>- Zero tolerance for damages to life, property and environment<\/p>\n<p>- To facilitate training and competence raising.<\/p>\n<p>- Systematic control and monitoring of the external providers.<\/p>\n<p>This policy is appropriate to the Hamek\u2019s purpose and context and supports its strategic direction.<\/p>\n<p>The policy shall be available and made visible for all employees and to relevant interested parties, as appropriate.<\/p>\n<p>&nbsp;<\/p>","protected":false},"excerpt":{"rendered":"<p>Kvalitetspolicy Harstad Mek. Verksted AS (Hamek) er et verft som i hovedsak utf\u00f8rer reparasjons- og vedlikeholdsoppdrag for skip. Verkstedet tar ogs\u00e5 passende oppdrag mot landbasert industri, samt beslektede oppdrag mot Olje og Gass-industrien Hamek forplikter seg til \u00e5 f\u00f8lge opp ISO 9001:2015 og arbeide kontinuerlig for \u00e5 v\u00e6re oppdatert p\u00e5 lover, regler og krav som [&#8230;]\n","protected":false},"author":1,"featured_media":0,"parent":14,"menu_order":0,"comment_status":"closed","ping_status":"closed","template":"","meta":{"footnotes":""},"class_list":["post-780","page","type-page","status-publish","hentry"],"_links":{"self":[{"href":"https:\/\/www.hamek.as\/en\/wp-json\/wp\/v2\/pages\/780","targetHints":{"allow":["GET"]}}],"collection":[{"href":"https:\/\/www.hamek.as\/en\/wp-json\/wp\/v2\/pages"}],"about":[{"href":"https:\/\/www.hamek.as\/en\/wp-json\/wp\/v2\/types\/page"}],"author":[{"embeddable":true,"href":"https:\/\/www.hamek.as\/en\/wp-json\/wp\/v2\/users\/1"}],"replies":[{"embeddable":true,"href":"https:\/\/www.hamek.as\/en\/wp-json\/wp\/v2\/comments?post=780"}],"version-history":[{"count":0,"href":"https:\/\/www.hamek.as\/en\/wp-json\/wp\/v2\/pages\/780\/revisions"}],"up":[{"embeddable":true,"href":"https:\/\/www.hamek.as\/en\/wp-json\/wp\/v2\/pages\/14"}],"wp:attachment":[{"href":"https:\/\/www.hamek.as\/en\/wp-json\/wp\/v2\/media?parent=780"}],"curies":[{"name":"wp","href":"https:\/\/api.w.org\/{rel}","templated":true}]}}